{"id":30,"date":"2020-01-05T15:18:49","date_gmt":"2020-01-05T15:18:49","guid":{"rendered":"http:\/\/web-weide.de\/?page_id=30"},"modified":"2020-01-06T21:09:21","modified_gmt":"2020-01-06T21:09:21","slug":"seite-web-weide","status":"publish","type":"page","link":"https:\/\/web-weide.de\/","title":{"rendered":"Web-Weide"},"content":{"rendered":"\n<p>Ich ver\u00f6ffentliche hier Meditationen, Texte, Bilder, Musik, die mir selbst gefallen, gut tun und Orientierung geben.<\/p>\n\n\n\n<p>Ich hoffe, dass alle, die hier vorbeikommen, etwas Aufbauendes und Weiterf\u00fchrendes f\u00fcr ihren Glauben und ihr Leben finden.<\/p>\n\n\n\n<p>Der Name dieser Seite ist eine Anspielung auf den bekannten Psalm 23:<\/p>\n\n\n\n<blockquote class=\"wp-block-quote is-layout-flow wp-block-quote-is-layout-flow\"><p>Der HERR ist mein Hirte,<br> mir wird nichts mangeln.<br> Er weidet mich auf einer gr\u00fcnen Aue<br> und f\u00fchret mich zum frischen Wasser.<br> Er erquicket meine Seele.<\/p><\/blockquote>\n\n\n\n<p>Im Vertrauen auf Jesus, unseren guten Hirten, bekommen wir diese Gewissheit, dass wir im Leben nicht zu kurz kommen werden.<\/p>\n\n\n\n<p>Albert Bartsch hat das in einem Gedicht so zum Ausdruck gebracht:<\/p>\n\n\n\n<blockquote class=\"wp-block-quote is-layout-flow wp-block-quote-is-layout-flow\"><p>Getrost geh ich und voller Freude<br> in jeden neuen Tag hinein.<br> Denn jeder Tag ist Gottes Weide<br> und auch die dunkle Nacht ist sein.<br> Er weidet mich auf gr\u00fcnen Auen,<br> er ist in jedem finstern Tal<br> und l\u00e4sst mich seine Wunder schauen,<br> die t\u00e4glich neu und ohne Zahl.<br> Wie sich mein Leben auch gestaltet,<br> auf jedem Weg ist er bei mir.<br> Kein Ort, da seine Hand nicht waltet.<br> Herr, wo ich bin \u2013 ich bin in dir !<\/p><\/blockquote>\n","protected":false},"excerpt":{"rendered":"<p>Ich ver\u00f6ffentliche hier Meditationen, Texte, Bilder, Musik, die mir selbst gefallen, gut tun und Orientierung geben. Ich hoffe, dass alle, die hier vorbeikommen, etwas Aufbauendes und Weiterf\u00fchrendes f\u00fcr ihren Glauben und ihr Leben finden. Der Name dieser Seite ist eine Anspielung auf den bekannten Psalm 23: Der HERR ist mein Hirte, mir wird nichts mangeln. &#8230; <span class=\"more\"><a class=\"more-link\" href=\"https:\/\/web-weide.de\/\">[Read more&#8230;]<\/a><\/span><\/p>\n","protected":false},"author":1,"featured_media":0,"parent":0,"menu_order":0,"comment_status":"closed","ping_status":"closed","template":"","meta":{"footnotes":""},"jetpack_sharing_enabled":true,"_links":{"self":[{"href":"https:\/\/web-weide.de\/index.php?rest_route=\/wp\/v2\/pages\/30"}],"collection":[{"href":"https:\/\/web-weide.de\/index.php?rest_route=\/wp\/v2\/pages"}],"about":[{"href":"https:\/\/web-weide.de\/index.php?rest_route=\/wp\/v2\/types\/page"}],"author":[{"embeddable":true,"href":"https:\/\/web-weide.de\/index.php?rest_route=\/wp\/v2\/users\/1"}],"replies":[{"embeddable":true,"href":"https:\/\/web-weide.de\/index.php?rest_route=%2Fwp%2Fv2%2Fcomments&post=30"}],"version-history":[{"count":4,"href":"https:\/\/web-weide.de\/index.php?rest_route=\/wp\/v2\/pages\/30\/revisions"}],"predecessor-version":[{"id":238,"href":"https:\/\/web-weide.de\/index.php?rest_route=\/wp\/v2\/pages\/30\/revisions\/238"}],"wp:attachment":[{"href":"https:\/\/web-weide.de\/index.php?rest_route=%2Fwp%2Fv2%2Fmedia&parent=30"}],"curies":[{"name":"wp","href":"https:\/\/api.w.org\/{rel}","templated":true}]}}