{"id":34,"date":"2020-01-05T15:31:38","date_gmt":"2020-01-05T15:31:38","guid":{"rendered":"http:\/\/web-weide.de\/?page_id=34"},"modified":"2020-01-05T23:11:55","modified_gmt":"2020-01-05T23:11:55","slug":"zum-neuen-lebens-jahr","status":"publish","type":"page","link":"https:\/\/web-weide.de\/?page_id=34","title":{"rendered":"Zum neuen (Lebens-)Jahr"},"content":{"rendered":"\n<p>Was w\u00fcnschen wir uns nicht alles zum neuen \nJahr oder zum neuen Lebensjahr ? Nat\u00fcrlich alles erdenklich Gute! Oder \nauch Gottes Segen. Gesundheit, Zufriedenheit, Gl\u00fcck und Wohlergehen. \nAber was ist realistisch? Folgender Wunsch Dietrich Bonhoeffers fasst \nzusammen, worauf es wirklich ankommt:<\/p>\n\n\n\n<p>Das n\u00e4chste Jahr wird kein Jahr<\/p>\n\n\n\n<p>ohne Angst, Schuld, Not sein.<\/p>\n\n\n\n<h3 class=\"wp-block-heading\">Aber<\/h3>\n\n\n\n<p>dass es in aller Schuld, Angst, Not<\/p>\n\n\n\n<h3 class=\"wp-block-heading\">ein Jahr mit Christus<\/h3>\n\n\n\n<p>sei, dass unserm Anfang mit Christus<\/p>\n\n\n\n<p>eine Geschichte mit Christus folgt,<\/p>\n\n\n\n<p>die ja nichts ist als t\u00e4gliches Anfangen mit ihm<\/p>\n\n\n\n<h3 class=\"wp-block-heading\">\u2013 darauf kommt es an.<\/h3>\n\n\n\n<p><em>Dietrich Bonhoeffer<\/em><\/p>\n\n\n\n<hr class=\"wp-block-separator\"\/>\n\n\n\n<p>Auch Schweres l\u00e4sst sich leichter mit Humor ertragen, darum hier ein\n<\/p>\n\n\n\n<h3 class=\"wp-block-heading\">Rezeptvorschlag f\u00fcr ein ganzes Jahr:<\/h3>\n\n\n\n<blockquote class=\"wp-block-quote is-layout-flow wp-block-quote-is-layout-flow\"><p>Man nehme 12 Monate, putze sie ganz sauber von \nBitterkeit, Geiz, Pedanterie und Angst und zerlege jeden Monat in 30 \noder 31 Teile, so dass der Vorrat f\u00fcr ein Jahr reicht.<\/p><p>Es wird jeder Tag einzeln angerichtet aus einem Teil Arbeit und zwei \nTeilen Frohsinn und Humor. Man f\u00fcge drei geh\u00e4ufte Essl\u00f6ffel Optimismus \nhinzu, einen Teel\u00f6ffel Toleranz, ein K\u00f6rnchen Ironie und eine Prise \nTakt. Dann wird die Masse sehr reichlich mit Liebe \u00fcbergossen.<\/p><p>Das fertige Gericht schm\u00fccke man mit Str\u00e4u\u00dfchen kleiner \nAufmerksamkeiten und serviere es t\u00e4glich mit Heiterkeit und einer guten,\n erquickenden Tasse Tee\u2026<\/p><p>Gott, der mir von Jugend an so viele Gnade erwiesen hat, der wird \nschon ein Pl\u00e4tzchen aussuchen, wo ich meine alten Tage ruhig und \nzufrieden beschlie\u00dfen kann.<\/p><p>Ich freue mich des Lebens, ich suche keine Dornen, hasche die \nkleineren Freuden. Sind die T\u00fcren niedrig, so b\u00fccke ich mich; kann ich \nden Stein aus dem Weg tun, so tue ich\u2019s;&nbsp; ist er zu schwer, so gehe ich \num ihn herum, und so finde ich alle Tage etwas, das mich freut.<\/p><p>Und der Schlussstein, der Glaube an Gott, der macht mein Herz froh und mein Angesicht fr\u00f6hlich.<\/p><\/blockquote>\n\n\n\n<p><em>Catharina Elisabeth Goethe (1731-1808)<\/em><\/p>\n","protected":false},"excerpt":{"rendered":"<p>Was w\u00fcnschen wir uns nicht alles zum neuen Jahr oder zum neuen Lebensjahr ? Nat\u00fcrlich alles erdenklich Gute! Oder auch Gottes Segen. Gesundheit, Zufriedenheit, Gl\u00fcck und Wohlergehen. Aber was ist realistisch? Folgender Wunsch Dietrich Bonhoeffers fasst zusammen, worauf es wirklich ankommt: Das n\u00e4chste Jahr wird kein Jahr ohne Angst, Schuld, Not sein. Aber dass es &#8230; <span class=\"more\"><a class=\"more-link\" href=\"https:\/\/web-weide.de\/?page_id=34\">[Read more&#8230;]<\/a><\/span><\/p>\n","protected":false},"author":1,"featured_media":182,"parent":0,"menu_order":7,"comment_status":"closed","ping_status":"closed","template":"","meta":{"footnotes":""},"jetpack_sharing_enabled":true,"_links":{"self":[{"href":"https:\/\/web-weide.de\/index.php?rest_route=\/wp\/v2\/pages\/34"}],"collection":[{"href":"https:\/\/web-weide.de\/index.php?rest_route=\/wp\/v2\/pages"}],"about":[{"href":"https:\/\/web-weide.de\/index.php?rest_route=\/wp\/v2\/types\/page"}],"author":[{"embeddable":true,"href":"https:\/\/web-weide.de\/index.php?rest_route=\/wp\/v2\/users\/1"}],"replies":[{"embeddable":true,"href":"https:\/\/web-weide.de\/index.php?rest_route=%2Fwp%2Fv2%2Fcomments&post=34"}],"version-history":[{"count":1,"href":"https:\/\/web-weide.de\/index.php?rest_route=\/wp\/v2\/pages\/34\/revisions"}],"predecessor-version":[{"id":35,"href":"https:\/\/web-weide.de\/index.php?rest_route=\/wp\/v2\/pages\/34\/revisions\/35"}],"wp:featuredmedia":[{"embeddable":true,"href":"https:\/\/web-weide.de\/index.php?rest_route=\/wp\/v2\/media\/182"}],"wp:attachment":[{"href":"https:\/\/web-weide.de\/index.php?rest_route=%2Fwp%2Fv2%2Fmedia&parent=34"}],"curies":[{"name":"wp","href":"https:\/\/api.w.org\/{rel}","templated":true}]}}