{"id":43,"date":"2020-01-05T15:44:55","date_gmt":"2020-01-05T15:44:55","guid":{"rendered":"http:\/\/web-weide.de\/?page_id=43"},"modified":"2020-01-05T23:06:40","modified_gmt":"2020-01-05T23:06:40","slug":"aufstehen-in-der-kraft-des-glaubens","status":"publish","type":"page","link":"https:\/\/web-weide.de\/?page_id=43","title":{"rendered":"Aufstehen in der Kraft des Glaubens"},"content":{"rendered":"\n<h3 class=\"wp-block-heading\">Morgengebet des Hl. Patrick<\/h3>\n\n\n\n<p><strong>Die den Herrn lieb haben, sollen sein, wie die Sonne aufgeht in ihrer Macht!<\/strong> (Richter 5,31)<\/p>\n\n\n\n<p>Ich erhebe mich heute in gewaltiger Kraft,<br>\nin Anrufung der Heiligsten Dreifaltigkeit,<br>\nim Glauben an die Dreiheit,<br>\nim Bekenntnis der Einheit des Weltensch\u00f6pfers.<\/p>\n\n\n\n<p>Ich verbinde mich heute<br>\nmit der Kraft der Menschwerdung Jesu und seiner Taufe,<br>\nmit der Kraft seiner Kreuzigung und Grablegung,<br>\nmit der Kraft seiner Auferstehung und Himmelfahrt,<br>\nmit der Kraft seiner Wiederkunft zum Gericht.<\/p>\n\n\n\n<p>Ich verbinde mich heute<br>\nmit der Tugend der Liebe der Seraphim,<br>\nmit dem Gehorsam der Engel,<br>\nmit dem Gebet der Patriarchen,<br>\nmit den Verhei\u00dfungen der Propheten,<br>\nmit der Predigt der Apostel,<br>\nmit dem Glauben der Bekenner,<br>\nmit der Reinheit der Gottgeweihten,<br>\nmit den Taten der aufrichtigen Menschen.<\/p>\n\n\n\n<p>Ich erhebe mich heute<br>\ninmitten der Kr\u00e4fte des Himmels und der Erde,<br>\nim Licht der Sonne und des Mondes,<br>\nim Leuchten der Feuerglut und im Spr\u00fchen der Blitze,<br>\nim Brausen der St\u00fcrme und im Fluten der Meere<br>\n\u2013 unter mir die Feste der Erde, vor mir die H\u00e4rte der Felsen.<\/p>\n\n\n\n<p>Ich weihe mich heute<br>\nGottes m\u00e4chtiger F\u00fchrung,<br>\nGottes wachendem Auge,<br>\nGottes lauschendem Ohr,<br>\nGottes sch\u00fctzenden H\u00e4nden,<br>\nGottes f\u00fcrsprechendem Wort,<br>\nGottes leitender Weisheit,<br>\nGottes offenen Wegen,<br>\nGottes bergendem Schild,<br>\nGottes rettender Heerschar.<\/p>\n\n\n\n<p>Christus sei mit mir,<br>\nChristus sei vor mir,<br>\nChristus sei in mir,<br>\nChristus sei unter mir,<br>\nChristus sei \u00fcber mir,<br>\nChristus zur Rechten,<br>\nChristus zur Linken,<br>\nEr die Kraft, Er der Friede!<br>\nChristus sei, wo ich liege,<br>\nChristus sei, wo ich stehe,<br>\nChristus sei, wo ich sitze,<br>\nChristus in der Tiefe,<br>\nChristus in der H\u00f6he,<br>\nChristus in der Weite.<\/p>\n\n\n\n<p>Ich erhebe mich heute in gewaltiger Kraft,<br>\nin Anrufung der Heiligsten Dreifaltigkeit,<br>\nim Glauben an die Dreiheit,<br>\nim Bekenntnis der Einheit des Weltensch\u00f6pfers.<\/p>\n\n\n\n<h3 class=\"wp-block-heading\">Martin Luthers Morgensegen<\/h3>\n\n\n\n<p><em>Des Morgens, wenn du aufstehst, kannst du dich segnen mit dem Zeichen des heiligen Kreuzes und sagen:<\/em><\/p>\n\n\n\n<p>Das walte Gott Vater, Sohn und Heiliger Geist! Amen.<\/p>\n\n\n\n<p><em>Darauf kniend oder stehend das Glaubensbekenntnis und das Vaterunser.<\/em><em> Willst du, so kannst du dies Gebet dazu sprechen:<\/em><\/p>\n\n\n\n<p>Ich danke dir, mein himmlischer Vater, durch Jesus Christus, deinen lieben Sohn,<br>\ndass du mich diese Nacht vor allem Schaden und Gefahr beh\u00fctet hast,<br>\nund bitte dich, du wollest mich diesen Tag auch beh\u00fcten vor S\u00fcnden und allem \u00dcbel,<br>\ndass dir all mein Tun und Leben gefalle.<br>\nDenn ich befehle mich, meinen Leib und Seele und alles in deine H\u00e4nde.<br>\nDein heiliger Engel sei mit mir, dass der b\u00f6se Feind keine Macht an mir finde.<\/p>\n\n\n\n<p><em>Alsdann mit Freuden an dein Werk gegangen und etwa ein Lied gesungen oder was dir deine Andacht eingibt.<\/em><\/p>\n\n\n\n<h3 class=\"wp-block-heading\">Gebet am Morgen von Dietrich Bonhoeffer<\/h3>\n\n\n\n<p>Vater im Himmel,<br>\nLob und Dank sei dir f\u00fcr die Ruhe der Nacht.<br>\nLob und Dank sei dir f\u00fcr den neuen Tag.<br>\nLob und Dank sei dir f\u00fcr alle deine Liebe und G\u00fcte und Treue in meinem Leben.<br>\nDu hast mir viel Gutes erwiesen, lass mich auch das Schwere aus deiner Hand annehmen.<br>\nDu wirst mir aber nicht mehr auferlegen, als ich tragen kann.<br>\nDu l\u00e4sst deinen Kindern alle Dinge zum Besten dienen. Amen.<\/p>\n","protected":false},"excerpt":{"rendered":"<p>Morgengebet des Hl. Patrick Die den Herrn lieb haben, sollen sein, wie die Sonne aufgeht in ihrer Macht! (Richter 5,31) Ich erhebe mich heute in gewaltiger Kraft, in Anrufung der Heiligsten Dreifaltigkeit, im Glauben an die Dreiheit, im Bekenntnis der Einheit des Weltensch\u00f6pfers. Ich verbinde mich heute mit der Kraft der Menschwerdung Jesu und seiner &#8230; <span class=\"more\"><a class=\"more-link\" href=\"https:\/\/web-weide.de\/?page_id=43\">[Read more&#8230;]<\/a><\/span><\/p>\n","protected":false},"author":1,"featured_media":113,"parent":0,"menu_order":4,"comment_status":"closed","ping_status":"closed","template":"","meta":{"footnotes":""},"jetpack_sharing_enabled":true,"_links":{"self":[{"href":"https:\/\/web-weide.de\/index.php?rest_route=\/wp\/v2\/pages\/43"}],"collection":[{"href":"https:\/\/web-weide.de\/index.php?rest_route=\/wp\/v2\/pages"}],"about":[{"href":"https:\/\/web-weide.de\/index.php?rest_route=\/wp\/v2\/types\/page"}],"author":[{"embeddable":true,"href":"https:\/\/web-weide.de\/index.php?rest_route=\/wp\/v2\/users\/1"}],"replies":[{"embeddable":true,"href":"https:\/\/web-weide.de\/index.php?rest_route=%2Fwp%2Fv2%2Fcomments&post=43"}],"version-history":[{"count":1,"href":"https:\/\/web-weide.de\/index.php?rest_route=\/wp\/v2\/pages\/43\/revisions"}],"predecessor-version":[{"id":44,"href":"https:\/\/web-weide.de\/index.php?rest_route=\/wp\/v2\/pages\/43\/revisions\/44"}],"wp:featuredmedia":[{"embeddable":true,"href":"https:\/\/web-weide.de\/index.php?rest_route=\/wp\/v2\/media\/113"}],"wp:attachment":[{"href":"https:\/\/web-weide.de\/index.php?rest_route=%2Fwp%2Fv2%2Fmedia&parent=43"}],"curies":[{"name":"wp","href":"https:\/\/api.w.org\/{rel}","templated":true}]}}