{"id":45,"date":"2020-01-05T15:46:13","date_gmt":"2020-01-05T15:46:13","guid":{"rendered":"http:\/\/web-weide.de\/?page_id=45"},"modified":"2020-01-05T23:51:40","modified_gmt":"2020-01-05T23:51:40","slug":"bibelverse-vertont","status":"publish","type":"page","link":"https:\/\/web-weide.de\/?page_id=45","title":{"rendered":"Bibelverse vertont"},"content":{"rendered":"\n<p>In unserer Familie werden zu Taufen und Konfirmationen die \nentsprechenden Bibelspr\u00fcche als Kanons oder Chorusse vertont und sp\u00e4ter \nimmer wieder mal gemeinsam gesungen, zum Beispiel an Geburtstagen. Die \nTauf- und Konfirmationsspr\u00fcche sind in der Regel Mut machende Worte aus \nden Psalmen oder dem Propheten Jesaja. Sie sollen im Leben die Richtung \nweisen und die helfende Gegenwart Gottes vergewissern. Zum besseren \nLernen und Erinnern werden sie gesungen. Hier davon einige, die gerne \nf\u00fcr das eigene Singen genutzt werden d\u00fcrfen <em>(wenn man darauf klickt werden sie zur besseren Les- und Druckbarkeit vergr\u00f6\u00dfert)<\/em>:<\/p>\n\n\n\n<h3 class=\"wp-block-heading\">Chorusse:<\/h3>\n\n\n\n<div class=\"wp-block-image\"><figure class=\"aligncenter size-large\"><a href=\"https:\/\/web-weide.de\/wp-content\/uploads\/2020\/01\/psalm18-30.jpg\"><img loading=\"lazy\" decoding=\"async\" width=\"753\" height=\"471\" src=\"http:\/\/web-weide.de\/wp-content\/uploads\/2020\/01\/psalm18-30.jpg\" alt=\"\" class=\"wp-image-186\" srcset=\"https:\/\/web-weide.de\/wp-content\/uploads\/2020\/01\/psalm18-30.jpg 753w, https:\/\/web-weide.de\/wp-content\/uploads\/2020\/01\/psalm18-30-300x188.jpg 300w\" sizes=\"(max-width: 753px) 100vw, 753px\" \/><\/a><\/figure><\/div>\n\n\n\n<div class=\"wp-block-image\"><figure class=\"aligncenter size-large\"><a href=\"https:\/\/web-weide.de\/wp-content\/uploads\/2020\/01\/psalm32-8.jpg\"><img loading=\"lazy\" decoding=\"async\" width=\"870\" height=\"490\" src=\"http:\/\/web-weide.de\/wp-content\/uploads\/2020\/01\/psalm32-8.jpg\" alt=\"\" class=\"wp-image-187\" srcset=\"https:\/\/web-weide.de\/wp-content\/uploads\/2020\/01\/psalm32-8.jpg 870w, https:\/\/web-weide.de\/wp-content\/uploads\/2020\/01\/psalm32-8-300x169.jpg 300w, https:\/\/web-weide.de\/wp-content\/uploads\/2020\/01\/psalm32-8-768x433.jpg 768w\" sizes=\"(max-width: 870px) 100vw, 870px\" \/><\/a><\/figure><\/div>\n\n\n\n<div class=\"wp-block-image\"><figure class=\"aligncenter size-large\"><a href=\"https:\/\/web-weide.de\/wp-content\/uploads\/2020\/01\/apg4-12.png\"><img loading=\"lazy\" decoding=\"async\" width=\"800\" height=\"404\" src=\"http:\/\/web-weide.de\/wp-content\/uploads\/2020\/01\/apg4-12.png\" alt=\"\" class=\"wp-image-101\" srcset=\"https:\/\/web-weide.de\/wp-content\/uploads\/2020\/01\/apg4-12.png 800w, https:\/\/web-weide.de\/wp-content\/uploads\/2020\/01\/apg4-12-300x152.png 300w, https:\/\/web-weide.de\/wp-content\/uploads\/2020\/01\/apg4-12-768x388.png 768w\" sizes=\"(max-width: 800px) 100vw, 800px\" \/><\/a><\/figure><\/div>\n\n\n\n<h3 class=\"wp-block-heading\">Kanons:<\/h3>\n\n\n\n<figure class=\"wp-block-image\"><a href=\"http:\/\/www.auf-dein-wort.de\/web-weide\/wp-content\/uploads\/2010\/05\/psalm16-11.jpg\"><img decoding=\"async\" src=\"http:\/\/www.auf-dein-wort.de\/web-weide\/wp-content\/uploads\/2010\/05\/psalm16-11.jpg\" alt=\"Psalm 16,11\" class=\"wp-image-526\"\/><\/a><\/figure>\n\n\n\n<div class=\"wp-block-image\"><figure class=\"aligncenter size-large\"><a href=\"https:\/\/web-weide.de\/wp-content\/uploads\/2020\/01\/Psalm-374.png\"><img loading=\"lazy\" decoding=\"async\" width=\"1024\" height=\"443\" src=\"http:\/\/web-weide.de\/wp-content\/uploads\/2020\/01\/Psalm-374-1024x443.png\" alt=\"\" class=\"wp-image-230\" srcset=\"https:\/\/web-weide.de\/wp-content\/uploads\/2020\/01\/Psalm-374-1024x443.png 1024w, https:\/\/web-weide.de\/wp-content\/uploads\/2020\/01\/Psalm-374-300x130.png 300w, https:\/\/web-weide.de\/wp-content\/uploads\/2020\/01\/Psalm-374-768x332.png 768w, https:\/\/web-weide.de\/wp-content\/uploads\/2020\/01\/Psalm-374.png 1168w\" sizes=\"(max-width: 1024px) 100vw, 1024px\" \/><\/a><\/figure><\/div>\n\n\n\n<div class=\"wp-block-image\"><figure class=\"aligncenter size-large\"><a href=\"https:\/\/web-weide.de\/wp-content\/uploads\/2020\/01\/Psalm-116.png\"><img loading=\"lazy\" decoding=\"async\" width=\"724\" height=\"1024\" src=\"http:\/\/web-weide.de\/wp-content\/uploads\/2020\/01\/Psalm-116-724x1024.png\" alt=\"\" class=\"wp-image-183\" srcset=\"https:\/\/web-weide.de\/wp-content\/uploads\/2020\/01\/Psalm-116-724x1024.png 724w, https:\/\/web-weide.de\/wp-content\/uploads\/2020\/01\/Psalm-116-212x300.png 212w, https:\/\/web-weide.de\/wp-content\/uploads\/2020\/01\/Psalm-116-768x1087.png 768w, https:\/\/web-weide.de\/wp-content\/uploads\/2020\/01\/Psalm-116.png 826w\" sizes=\"(max-width: 724px) 100vw, 724px\" \/><\/a><\/figure><\/div>\n\n\n\n<div class=\"wp-block-image\"><figure class=\"aligncenter size-large\"><a href=\"https:\/\/web-weide.de\/wp-content\/uploads\/2020\/01\/jesaja12-2.png\"><img loading=\"lazy\" decoding=\"async\" width=\"800\" height=\"349\" src=\"http:\/\/web-weide.de\/wp-content\/uploads\/2020\/01\/jesaja12-2.png\" alt=\"\" class=\"wp-image-149\" srcset=\"https:\/\/web-weide.de\/wp-content\/uploads\/2020\/01\/jesaja12-2.png 800w, https:\/\/web-weide.de\/wp-content\/uploads\/2020\/01\/jesaja12-2-300x131.png 300w, https:\/\/web-weide.de\/wp-content\/uploads\/2020\/01\/jesaja12-2-768x335.png 768w\" sizes=\"(max-width: 800px) 100vw, 800px\" \/><\/a><\/figure><\/div>\n\n\n\n<div class=\"wp-block-image\"><figure class=\"aligncenter size-large\"><a href=\"https:\/\/web-weide.de\/wp-content\/uploads\/2020\/01\/jesaja41-10.png\"><img loading=\"lazy\" decoding=\"async\" width=\"800\" height=\"393\" src=\"http:\/\/web-weide.de\/wp-content\/uploads\/2020\/01\/jesaja41-10.png\" alt=\"\" class=\"wp-image-150\" srcset=\"https:\/\/web-weide.de\/wp-content\/uploads\/2020\/01\/jesaja41-10.png 800w, https:\/\/web-weide.de\/wp-content\/uploads\/2020\/01\/jesaja41-10-300x147.png 300w, https:\/\/web-weide.de\/wp-content\/uploads\/2020\/01\/jesaja41-10-768x377.png 768w\" sizes=\"(max-width: 800px) 100vw, 800px\" \/><\/a><\/figure><\/div>\n\n\n\n<div class=\"wp-block-image\"><figure class=\"aligncenter size-large\"><a href=\"https:\/\/web-weide.de\/wp-content\/uploads\/2020\/01\/jesaja43-1.png\"><img loading=\"lazy\" decoding=\"async\" width=\"800\" height=\"320\" src=\"http:\/\/web-weide.de\/wp-content\/uploads\/2020\/01\/jesaja43-1.png\" alt=\"\" class=\"wp-image-151\" srcset=\"https:\/\/web-weide.de\/wp-content\/uploads\/2020\/01\/jesaja43-1.png 800w, https:\/\/web-weide.de\/wp-content\/uploads\/2020\/01\/jesaja43-1-300x120.png 300w, https:\/\/web-weide.de\/wp-content\/uploads\/2020\/01\/jesaja43-1-768x307.png 768w\" sizes=\"(max-width: 800px) 100vw, 800px\" \/><\/a><\/figure><\/div>\n\n\n\n<div class=\"wp-block-image\"><figure class=\"aligncenter size-large\"><a href=\"https:\/\/web-weide.de\/wp-content\/uploads\/2020\/01\/joel2-21.png\"><img loading=\"lazy\" decoding=\"async\" width=\"796\" height=\"576\" src=\"http:\/\/web-weide.de\/wp-content\/uploads\/2020\/01\/joel2-21.png\" alt=\"\" class=\"wp-image-155\" srcset=\"https:\/\/web-weide.de\/wp-content\/uploads\/2020\/01\/joel2-21.png 796w, https:\/\/web-weide.de\/wp-content\/uploads\/2020\/01\/joel2-21-300x217.png 300w, https:\/\/web-weide.de\/wp-content\/uploads\/2020\/01\/joel2-21-768x556.png 768w\" sizes=\"(max-width: 796px) 100vw, 796px\" \/><\/a><\/figure><\/div>\n","protected":false},"excerpt":{"rendered":"<p>In unserer Familie werden zu Taufen und Konfirmationen die entsprechenden Bibelspr\u00fcche als Kanons oder Chorusse vertont und sp\u00e4ter immer wieder mal gemeinsam gesungen, zum Beispiel an Geburtstagen. Die Tauf- und Konfirmationsspr\u00fcche sind in der Regel Mut machende Worte aus den Psalmen oder dem Propheten Jesaja. Sie sollen im Leben die Richtung weisen und die helfende &#8230; <span class=\"more\"><a class=\"more-link\" href=\"https:\/\/web-weide.de\/?page_id=45\">[Read more&#8230;]<\/a><\/span><\/p>\n","protected":false},"author":1,"featured_media":204,"parent":0,"menu_order":15,"comment_status":"closed","ping_status":"closed","template":"","meta":{"footnotes":""},"jetpack_sharing_enabled":true,"_links":{"self":[{"href":"https:\/\/web-weide.de\/index.php?rest_route=\/wp\/v2\/pages\/45"}],"collection":[{"href":"https:\/\/web-weide.de\/index.php?rest_route=\/wp\/v2\/pages"}],"about":[{"href":"https:\/\/web-weide.de\/index.php?rest_route=\/wp\/v2\/types\/page"}],"author":[{"embeddable":true,"href":"https:\/\/web-weide.de\/index.php?rest_route=\/wp\/v2\/users\/1"}],"replies":[{"embeddable":true,"href":"https:\/\/web-weide.de\/index.php?rest_route=%2Fwp%2Fv2%2Fcomments&post=45"}],"version-history":[{"count":4,"href":"https:\/\/web-weide.de\/index.php?rest_route=\/wp\/v2\/pages\/45\/revisions"}],"predecessor-version":[{"id":232,"href":"https:\/\/web-weide.de\/index.php?rest_route=\/wp\/v2\/pages\/45\/revisions\/232"}],"wp:featuredmedia":[{"embeddable":true,"href":"https:\/\/web-weide.de\/index.php?rest_route=\/wp\/v2\/media\/204"}],"wp:attachment":[{"href":"https:\/\/web-weide.de\/index.php?rest_route=%2Fwp%2Fv2%2Fmedia&parent=45"}],"curies":[{"name":"wp","href":"https:\/\/api.w.org\/{rel}","templated":true}]}}