{"id":49,"date":"2020-01-05T15:49:33","date_gmt":"2020-01-05T15:49:33","guid":{"rendered":"http:\/\/web-weide.de\/?page_id=49"},"modified":"2020-01-05T22:57:34","modified_gmt":"2020-01-05T22:57:34","slug":"das-tor-zum-glueck","status":"publish","type":"page","link":"https:\/\/web-weide.de\/?page_id=49","title":{"rendered":"Das Tor zum Gl\u00fcck"},"content":{"rendered":"\n<h3 class=\"wp-block-heading\">Die \u201eSeligpreisungen\u201c von Jesus Matth\u00e4us 5,(1-2)3-12:<\/h3>\n\n\n\n<p>Als Jesus die Menschenmenge sah, stieg er auf einen Berg. Er setzte \nsich, seine J\u00fcnger versammelten sich um ihn, und er begann sie zu \nlehren. Er sagte:<br>\n\u00bbGl\u00fccklich zu preisen sind die, die arm sind vor Gott; denn ihnen geh\u00f6rt das Himmelreich.<br>\nGl\u00fccklich zu preisen sind die, die trauern; denn sie werden getr\u00f6stet werden.<br>\nGl\u00fccklich zu preisen sind die Sanftm\u00fctigen; denn sie werden die Erde als Besitz erhalten.<br>\nGl\u00fccklich zu preisen sind die, die nach der Gerechtigkeit hungern und d\u00fcrsten; denn sie werden satt werden.<br>\nGl\u00fccklich zu preisen sind die Barmherzigen; denn sie werden Erbarmen finden.<br>\nGl\u00fccklich zu preisen sind die, die ein reines Herz haben; denn sie werden Gott sehen.<br>\nGl\u00fccklich zu preisen sind die, die Frieden stiften; denn sie werden S\u00f6hne Gottes genannt werden.<br>\nGl\u00fccklich zu preisen sind die, die um der Gerechtigkeit willen verfolgt werden; denn ihnen geh\u00f6rt das Himmelreich.<br>\nGl\u00fccklich zu preisen seid ihr, wenn man euch um meinetwillen beschimpft \nund verfolgt und euch zu Unrecht die schlimmsten Dinge nachsagt.<br>\nFreut euch und jubelt! Denn im Himmel wartet eine gro\u00dfe Belohnung auf \neuch. Genauso hat man ja vor euch schon die Propheten verfolgt.\u00ab<br>\n<em>(Neue Genfer \u00dcbersetzung)<\/em><\/p>\n\n\n\n<p>Die \u201eSeligpreisungen\u201c sind das Portal der Bergpredigt. Sie sind damit\n auch das Portal zum Leben mit Jesus, zum Leben in seiner Nachfolge. Nur\n wer durch diese Pforte geht, kann auch den Weg verstehen und gehen,  \nden Jesus danach aufzeigt:<\/p>\n\n\n\n<p>\u201eGeht hinein durch die enge Pforte. Denn die Pforte ist weit, und der\n Weg ist breit, der zur Verdammnis f\u00fchrt, und viele sind\u2019s, die auf ihm \nhineingehen.&nbsp; Wie eng ist die Pforte und wie schmal der Weg, der zum \nLeben f\u00fchrt, und wenige sind\u2019s, die ihn finden!\u201c Mt. 7,13-14<\/p>\n\n\n\n<p>Zum Nachdenken:<\/p>\n\n\n\n<ul><li>Warum erscheint uns die Pforte eng?<\/li><li>Wie ergeht es uns, wenn wir die Seligpreisungen lesen?<\/li><\/ul>\n\n\n\n<p>Jesus beschreibt diesen Eingang als das Tor zum Gl\u00fcck \u2013 dem gro\u00dfen \nGl\u00fcck, zu Gott zu geh\u00f6ren und im Einklang mit seinem Willen zu leben. \nGegen die Beschreibung dieses Gl\u00fcck str\u00e4ubt sich zun\u00e4chst vieles in uns:<\/p>\n\n\n\n<p>\u201eLiest man die Bergpredigt zum ersten Mal, \nso hat man das Gef\u00fchl, dass alles auf den Kopf gestellt wird. Beim \nzweitenmal entdeckt man, dass alles genau richtig gestellt wird. Zuerst \ndenkt man, ein derartiges Leben sei unm\u00f6glich, um dann festzustellen, \ndass nichts anderes m\u00f6glich ist.\u201c<br>\n<em>G.K. Chesterton, Schriftsteller, Erfinder des \u201ePater Brown\u201c<\/em><\/p>\n\n\n\n<p>Zum Nachdenken:<\/p>\n\n\n\n<ul><li>Wer wird im \u201enormalen\u201c Leben gl\u00fccklich gesch\u00e4tzt?<\/li><li>Wie w\u00fcrden die Antithesen zu diesen Gl\u00fccklich-Preisungen lauten?<\/li><li>Wo liegen dagegen die vielleicht unbequemen Wahrheiten der Seligpreisungen von Jesus?<\/li><\/ul>\n\n\n\n<p>Die Bergpredigt ist nicht zu verstehen ohne den Bergprediger. Was \nJesus in der Bergpredigt ausspricht, hat er nicht nur gelehrt, sondern \ngelebt. An seinem Leben kann man am Besten dieses Gl\u00fcck, das er uns \nverspricht, sehen und verstehen.<\/p>\n\n\n\n<p>Zum Nachdenken:<\/p>\n\n\n\n<ul><li>Wo kommt im Leben von Jesus das, was er selig preist, vor?<\/li><li>Wie wirkt sich das auf sein Leben aus ?<\/li><li>Was hei\u00dft \u201egl\u00fccklich\u201c oder \u201eselig\u201c bei Jesus ganz praktisch ?<\/li><\/ul>\n\n\n\n<p>Das Tor zum Gl\u00fcck ist zugleich das Tor zum Himmel. Dies befindet sich\n hier auf der Erde. Die erste und letzte Seligpreisung sagt unmittelbar \ndie Teilnahme am Himmelreich zu. Die Seligpreisungen dazwischen stellen \nin Aussicht, was das bedeuten wird. Schon auf Erden erfahren wir das \nGl\u00fcck des Himmels:&nbsp; im Annehmen des uns von Jesus Zugesprochenen und im \nAusrichten des Lebens danach. Nach himmlischen Ma\u00dfst\u00e4ben hier auf der \nErde zu leben, das ist gro\u00dfe Gl\u00fcck, das einmal unumkehrbar vollendet \nwerden wird.<\/p>\n\n\n\n<p>Zum Nachdenken:<\/p>\n\n\n\n<ul><li>Wie wird es im Himmel in der Vollendung sein ?<\/li><li>Wie soll das schon jetzt auf der Erde Kreise ziehen ?<\/li><\/ul>\n","protected":false},"excerpt":{"rendered":"<p>Die \u201eSeligpreisungen\u201c von Jesus Matth\u00e4us 5,(1-2)3-12: Als Jesus die Menschenmenge sah, stieg er auf einen Berg. Er setzte sich, seine J\u00fcnger versammelten sich um ihn, und er begann sie zu lehren. Er sagte: \u00bbGl\u00fccklich zu preisen sind die, die arm sind vor Gott; denn ihnen geh\u00f6rt das Himmelreich. Gl\u00fccklich zu preisen sind die, die trauern; &#8230; <span class=\"more\"><a class=\"more-link\" href=\"https:\/\/web-weide.de\/?page_id=49\">[Read more&#8230;]<\/a><\/span><\/p>\n","protected":false},"author":1,"featured_media":90,"parent":0,"menu_order":2,"comment_status":"closed","ping_status":"closed","template":"","meta":{"footnotes":""},"jetpack_sharing_enabled":true,"_links":{"self":[{"href":"https:\/\/web-weide.de\/index.php?rest_route=\/wp\/v2\/pages\/49"}],"collection":[{"href":"https:\/\/web-weide.de\/index.php?rest_route=\/wp\/v2\/pages"}],"about":[{"href":"https:\/\/web-weide.de\/index.php?rest_route=\/wp\/v2\/types\/page"}],"author":[{"embeddable":true,"href":"https:\/\/web-weide.de\/index.php?rest_route=\/wp\/v2\/users\/1"}],"replies":[{"embeddable":true,"href":"https:\/\/web-weide.de\/index.php?rest_route=%2Fwp%2Fv2%2Fcomments&post=49"}],"version-history":[{"count":1,"href":"https:\/\/web-weide.de\/index.php?rest_route=\/wp\/v2\/pages\/49\/revisions"}],"predecessor-version":[{"id":50,"href":"https:\/\/web-weide.de\/index.php?rest_route=\/wp\/v2\/pages\/49\/revisions\/50"}],"wp:featuredmedia":[{"embeddable":true,"href":"https:\/\/web-weide.de\/index.php?rest_route=\/wp\/v2\/media\/90"}],"wp:attachment":[{"href":"https:\/\/web-weide.de\/index.php?rest_route=%2Fwp%2Fv2%2Fmedia&parent=49"}],"curies":[{"name":"wp","href":"https:\/\/api.w.org\/{rel}","templated":true}]}}