{"id":51,"date":"2020-01-05T15:50:47","date_gmt":"2020-01-05T15:50:47","guid":{"rendered":"http:\/\/web-weide.de\/?page_id=51"},"modified":"2020-01-05T23:14:45","modified_gmt":"2020-01-05T23:14:45","slug":"geistliche-checkliste","status":"publish","type":"page","link":"https:\/\/web-weide.de\/?page_id=51","title":{"rendered":"Geistliche Checkliste"},"content":{"rendered":"\n<p>Geistliche Checkliste f\u00fcr jeden Tag anhand von Philipper 4,4-7:<\/p>\n\n\n\n<p><strong>Wann immer es auch sein mag:<\/strong><\/p>\n\n\n\n<p><em>Freut euch im Herrn alle Zeit ! Nochmals sage ich euch: freut euch !<\/em><\/p>\n\n\n\n<ul><li>Worin erfahre ich jetzt Gottes G\u00fcte ?<\/li><li>Welche Zusage gibt Gott mir jetzt ?<\/li><li>Wof\u00fcr kann ich ihm jetzt danken?<\/li><li>In wem begegnet Christus mir jetzt ?<\/li><\/ul>\n\n\n\n<p><strong>Wer mir auch begegnen wird:<\/strong><\/p>\n\n\n\n<p><em>Lasst alle Menschen eure G\u00fcte erfahren. Der Herr ist nahe.<\/em><\/p>\n\n\n\n<ul><li>Wem kann ich eine Freude machen durch einen Gru\u00df oder ein Wort ?<\/li><li>Wer braucht meine besondere Aufmerksamkeit und Hilfe ?<\/li><li>Wem habe ich zu vergeben oder um Vergebung zu bitten ?<\/li><li>Wen soll ich Gott im Gebet anbefehlen ?<\/li><\/ul>\n\n\n\n<p><strong>Was auch bew\u00e4ltigt werden muss:<\/strong><\/p>\n\n\n\n<p><em>Sorgt euch um nichts, sondern lasst in allen Dingen eure Bitten in Gebet und F\u00fcrbitte mit Dank vor Gott kommen.<\/em><\/p>\n\n\n\n<ul><li>Wovor graut mir, was steht wie ein Berg vor mir ?<\/li><li>Wo f\u00fchle ich mich \u00fcberfordert , wozu f\u00fchle ich mich unf\u00e4hig ?<\/li><li>Was besch\u00e4ftigt mich unabl\u00e4ssig und verbraucht meine Energie ?<\/li><li>Womit werde ich nicht fertig, komme ich nicht weiter ?<\/li><\/ul>\n\n\n\n<p><strong>Wie es auch laufen mag:<\/strong><\/p>\n\n\n\n<p><em>Und der Friede Gottes, der weiter reicht als alle Vernunft, bewahre eure Herzen und Gedanken in Christus Jesus. <\/em><\/p>\n\n\n\n<ul><li>Was will mich von der Liebe Gottes trennen ?<\/li><li>Was hindert mich, mich sofort reinigen zu lassen ?<\/li><li>Wer beansprucht gr\u00f6\u00dfer, m\u00e4chtiger oder kl\u00fcger zu sein als Gott ?<\/li><li>Wird Gott mir je etwas Gutes mangeln lassen ?<\/li><\/ul>\n","protected":false},"excerpt":{"rendered":"<p>Geistliche Checkliste f\u00fcr jeden Tag anhand von Philipper 4,4-7: Wann immer es auch sein mag: Freut euch im Herrn alle Zeit ! Nochmals sage ich euch: freut euch ! Worin erfahre ich jetzt Gottes G\u00fcte ? Welche Zusage gibt Gott mir jetzt ? Wof\u00fcr kann ich ihm jetzt danken? In wem begegnet Christus mir jetzt &#8230; <span class=\"more\"><a class=\"more-link\" href=\"https:\/\/web-weide.de\/?page_id=51\">[Read more&#8230;]<\/a><\/span><\/p>\n","protected":false},"author":1,"featured_media":181,"parent":0,"menu_order":8,"comment_status":"closed","ping_status":"closed","template":"","meta":{"footnotes":""},"jetpack_sharing_enabled":true,"_links":{"self":[{"href":"https:\/\/web-weide.de\/index.php?rest_route=\/wp\/v2\/pages\/51"}],"collection":[{"href":"https:\/\/web-weide.de\/index.php?rest_route=\/wp\/v2\/pages"}],"about":[{"href":"https:\/\/web-weide.de\/index.php?rest_route=\/wp\/v2\/types\/page"}],"author":[{"embeddable":true,"href":"https:\/\/web-weide.de\/index.php?rest_route=\/wp\/v2\/users\/1"}],"replies":[{"embeddable":true,"href":"https:\/\/web-weide.de\/index.php?rest_route=%2Fwp%2Fv2%2Fcomments&post=51"}],"version-history":[{"count":1,"href":"https:\/\/web-weide.de\/index.php?rest_route=\/wp\/v2\/pages\/51\/revisions"}],"predecessor-version":[{"id":52,"href":"https:\/\/web-weide.de\/index.php?rest_route=\/wp\/v2\/pages\/51\/revisions\/52"}],"wp:featuredmedia":[{"embeddable":true,"href":"https:\/\/web-weide.de\/index.php?rest_route=\/wp\/v2\/media\/181"}],"wp:attachment":[{"href":"https:\/\/web-weide.de\/index.php?rest_route=%2Fwp%2Fv2%2Fmedia&parent=51"}],"curies":[{"name":"wp","href":"https:\/\/api.w.org\/{rel}","templated":true}]}}