{"id":56,"date":"2020-01-05T15:55:15","date_gmt":"2020-01-05T15:55:15","guid":{"rendered":"http:\/\/web-weide.de\/?page_id=56"},"modified":"2020-01-05T23:11:14","modified_gmt":"2020-01-05T23:11:14","slug":"mit-gottes-segen-ins-neue-hinein","status":"publish","type":"page","link":"https:\/\/web-weide.de\/?page_id=56","title":{"rendered":"Mit Gottes Segen ins Neue hinein"},"content":{"rendered":"\n<h3 class=\"wp-block-heading\">Zur Aussendung in eine neue Situation und Verantwortung:<\/h3>\n\n\n\n<p><em>Ein alter christlicher Segen wurde f\u00fcr die Aussendungsfeier f\u00fcr \nJungscharzeltlager leicht umformuliert und jedem als pers\u00f6nlicher Segen \nzugesprochen und mitgegeben.<\/em><\/p>\n\n\n\n<p><em>Der Herr sei vor dir:<\/em><\/p>\n\n\n\n<p>Wohin Du auch gehst, Du kommst immer in von Gott vorbereitete Verh\u00e4ltnisse.<\/p>\n\n\n\n<p><em>Der Herr sei neben Dir: <\/em><\/p>\n\n\n\n<p>In keiner Situation bist Du allein. Gott ist an deiner Seite und hilft Dir.<\/p>\n\n\n\n<p><em>Der Herr sei hinter dir:<\/em><\/p>\n\n\n\n<p>Er st\u00e4rkt Dir den R\u00fccken, damit Du allen \noffen begegnen kannst, f\u00fcr die Du verantwortlich bist oder mit denen Du \nzusammenarbeitest.<\/p>\n\n\n\n<p><em>Der Herr sei in Dir: <\/em><\/p>\n\n\n\n<p>Er gibt Dir f\u00fcr jeden Tag seine Freude und Liebe. Davon wird auch auf andere etwas ausstrahlen.<\/p>\n\n\n\n<p><em>Der Herr sei um Dich herum:<\/em><\/p>\n\n\n\n<p>Sein Schutz ist f\u00fcr Dich da in Gefahr, seine Hilfe in allen Notlagen.<\/p>\n\n\n\n<p><em>Der Herr sei \u00fcber Dir: <\/em><\/p>\n\n\n\n<p>Er segnet Dich in allem, was Du tust und l\u00e4sst.<\/p>\n\n\n\n<h3 class=\"wp-block-heading\">Beim Beziehen einer neuen Wohnung:<\/h3>\n\n\n\n<p><em>Ein Ehepaar bezog eine neue Wohnung und hatte den Wunsch, die \nEinweihung bewusst christlich zu begehen. Da evangelischerseits und \nbiblisch begr\u00fcndet im Unterschied zur katholischen Kirche nur Menschen, \nnicht aber Gegenst\u00e4nde gesegnet werden, habe ich eine sonst sch\u00f6ne \nVorlage aus der franziskanischen Spiritualit\u00e4t aufgenommen und \nentsprechend \u00fcberarbeitet. Auf Weihrauch, Weihwasser, Kreide, Kerzen und\n \u00e4hnlichem wurde nat\u00fcrlich verzichtet und die Einweihung gut evangelisch\n unter Gebet und Zuspruch des Segens vollzogen.<\/em><\/p>\n\n\n\n<ul><li>Vor der Wohnung:<\/li><\/ul>\n\n\n\n<p>Wir sind hier im Namen des Vaters und des Sohnes und des Heiligen Geistes. Amen.<br>\nGott, Du bist gn\u00e4dig und barmherzig, geduldig und von gro\u00dfer G\u00fcte.<br>\nDeine Wohnung ist im Himmel und auf der Erde. Komm, segne XY in diesen \nR\u00e4umen, die sie jetzt bewohnen. Umgib diesen Raum mit Deinem m\u00e4chtigen \nSchutz, so dass nichts B\u00f6ses und kein Schaden eindringen kann und \nerf\u00fclle alle mit Deinem Heiligen Geist. Amen.<\/p>\n\n\n\n<ul><li>Am Eingang:<\/li><\/ul>\n\n\n\n<p>Gesegnet seien alle, die hier hineingehen:<br>\nM\u00f6gen alle, die hier ankommen mit Achtung und Freundlichkeit aufgenommen\n werden. Es soll alles Kommen und Gehen unter dem Siegel von Gottes \nliebender Sorge stehen. M\u00f6gen alle mit Deiner geheimnisvollen Gegenwart \nerf\u00fcllt werden, so dass jeder von ihnen von Deinem Licht durchdrungen \nsei und alle erf\u00fcllt werden mit dem Geist der Zufriedenheit. Keine \ndunkle Macht niste sich je in einem dieser Zimmer ein. Wenn Negatives \nauftaucht soll alles so bald wie m\u00f6glich in Deinem Heiligen Geist \nentlarvt und aufgedeckt werden. Die Kraft des gekreuzigten und \nauferstandenen Herrn Jesus wende alles immer wieder zum Guten.<\/p>\n\n\n\n<ul><li>Im Wohnzimmer:<\/li><\/ul>\n\n\n\n<p>Gesegnet seien alle, die hier wohnen und zu Besuch sind.<br>\nHier drin soll deine Liebe flie\u00dfen, dass man hier als Kinder des Lichtes\n das Leben miteinander teilen und feiern kann. M\u00f6ge Gebet und Spiel, \nGespr\u00e4che, gute Konfliktkultur, Humor und Entspannung nie fremd sein in \ndiesen W\u00e4nden.<\/p>\n\n\n\n<ul><li>In der Esszimmer:<\/li><\/ul>\n\n\n\n<p>Gesegnet seien alle, die hier essen.<br>\nLass an diesem Tisch immer wieder alles in Deinem Segen empfangen \nwerden, was f\u00fcr das leibliche Wohl gebraucht wird. Und lass die hier \nSpeisenden nie vergessen, dass sie geladen sind an das himmlische \nFestmahl, das hier im Glauben beginnt und bei Dir in Deinem Reich die \nVollendung findet.<\/p>\n\n\n\n<ul><li>In der K\u00fcche:<\/li><\/ul>\n\n\n\n<p>Gesegnet sei, wer hier Speisen zubereitet.<br>\nM\u00f6ge die krank machende Wurzel von Groll und Bitterkeit nie das Essen \nund die Mahlgemeinschaft vergiften. Das Salz erinnere uns daran, dass \nwir als Christen Salz der Erde sind.<\/p>\n\n\n\n<ul><li>Im Bad:<\/li><\/ul>\n\n\n\n<p>Gesegnet sei, wer den K\u00f6rper hier pflegt.<br>\nLass die Benutzer \u00fcber aller \u00e4u\u00dferen Pflege des Leibes die Hygiene der \nSeele und des Geistes nie vergessen. Schenke den Geist von Gesundheit \nund Reinheit allen, die hier wohnen und lehre uns, unseren Leib zu ehren\n und zu lieben. So bewohne unsere K\u00f6rper, dass sie lebendige Tempel \nDeiner Gegenwart werden, sind und bleiben. Danke, dass uns der Glaube \nsagt, dass wir uns im Spiegel als Deine Abbilder erkennen. Wandle uns \ndurch Deinen Heiligen Geist immer vollkommener in das, was wir in Dir \nsind und werden d\u00fcrfen.<\/p>\n\n\n\n<ul><li>Im Schlafzimmer:<\/li><\/ul>\n\n\n\n<p>Gesegnet sei, wer hier schl\u00e4ft.<br>\nLass alle die sich hier zur\u00fcckziehen Ruhe, Erfrischung und Erneuerung \nfinden. Die Heilige Schrift sagt uns: Den Seinen gibt es der Herr im \nSchlaf. Darum segne ihren Schlaf. Schenke auch inspirierte gute Tr\u00e4ume \nin welchen wir manchmal deine Stimme erkennen. M\u00f6ge auch der Geist von \nLiebe und Zuneigung zusammen mit dem Geist g\u00f6ttlicher Sorgfalt die \nber\u00fchren, die dieses Schlafzimmer bewohnen.<\/p>\n\n\n\n<ul><li>Arbeits- oder Freizeitsr\u00e4ume und Keller:<\/li><\/ul>\n\n\n\n<p>Gesegnet seien alle, die hier arbeiten und Hobbies aus\u00fcben.<br>\nWir bitten Gott um Schutz vor Feuer, Wasser und anderen schlechten Umwelteinfl\u00fcssen.<\/p>\n\n\n\n<ul><li>Zum Abschluss:<\/li><\/ul>\n\n\n\n<p>Lasst uns einen kurzen Moment in der Stille\n innehalten und schweigend Gott anbeten und ihm danken, dass Gott seinen\n Segen nie verweigert, wenn man ihn ehrlichen Herzens darum bittet.<\/p>\n\n\n\n<p><em>Kurze Stille<\/em><\/p>\n\n\n\n<p>Du unser Gott, lass Deinen Namen immer heilig sein in diesem Wohnraum.<br>\nSorge Du liebevoll f\u00fcr die, die hier leben. Dein Reich komme in dieses \nHaus, wenn immer sie im Gebet sich an Dich wenden. Hilf ihnen immer neu \nnach dem Weg der Wahrheit und des Lebens zu suchen. Lass sie Deinen \nWillen erkennen und umsetzen in unserem Alltag. M\u00f6gen sie nie leiden \nunter Mangel an all dem, was sie brauchen an leiblichen und geistlichen \nGaben. Schenke auch den Geist des Verzeihens und Vers\u00f6hnens denen die \nhier leben und mache sie immer neu bereit, Verletzungen zu heilen und \nTrennungen zu \u00fcberwinden. Lass den Geist von Humor und Lachen, von \nHoffnung und Vertrauen, von Spiel und Gebet, von Mitgef\u00fchl und Liebe \nst\u00e4ndiger Gast sein in diesen Wohnr\u00e4umen. Lass diese T\u00fcr f\u00fcr Nachbarn \nund Freunde und offen sein, wenn sie hierher kommen in Zeiten von \nSchwierigkeiten und Not und so deinen Segen weiterflie\u00dfen.<\/p>\n\n\n\n<blockquote class=\"wp-block-quote is-layout-flow wp-block-quote-is-layout-flow\"><p>Vater unser im Himmel, geheiligt werde dein Name.<br>\nDein Reich komme.<br>\nDein Wille geschehe wie im Himmel so auf Erden.<br>\nUnser t\u00e4gliches Brot gib uns heute.<br>\nUnd vergib uns unsere Schuld, wie auch wir vergeben unseren Schuldigern.<br>\nUnd f\u00fchre uns nicht in Versuchung sondern erl\u00f6se uns von dem B\u00f6sen.<br>\nDenn Dein ist das Reich und die Kraft und die Herrlichkeit in Ewigkeit . Amen.<\/p><\/blockquote>\n\n\n\n<p>Das heilige Licht von Gottes Gegenwart soll hell leuchten in diesem \nHaus und ein Segen sein f\u00fcr alle, die hier leben und f\u00fcr jeden Menschen,\n der zu dieser T\u00fcr kommen wird.<br>\nSo ist und bleibe Gottes heiliger Segen auf uns allen:<\/p>\n\n\n\n<p>Der Segen des Vaters<br>\nund des Sohnes<br>\nund des Heiligen Geistes.<br>\nAmen.<\/p>\n\n\n\n<p><strong>Alter Haussegen:<\/strong><br>\nWo Glaube, da Liebe<br>\nWo Liebe, da Friede<br>\nWo Friede, da Segen<br>\nWo Segen, da Gott<br>\nWo Gott, da keine Not<\/p>\n","protected":false},"excerpt":{"rendered":"<p>Zur Aussendung in eine neue Situation und Verantwortung: Ein alter christlicher Segen wurde f\u00fcr die Aussendungsfeier f\u00fcr Jungscharzeltlager leicht umformuliert und jedem als pers\u00f6nlicher Segen zugesprochen und mitgegeben. Der Herr sei vor dir: Wohin Du auch gehst, Du kommst immer in von Gott vorbereitete Verh\u00e4ltnisse. Der Herr sei neben Dir: In keiner Situation bist Du &#8230; <span class=\"more\"><a class=\"more-link\" href=\"https:\/\/web-weide.de\/?page_id=56\">[Read more&#8230;]<\/a><\/span><\/p>\n","protected":false},"author":1,"featured_media":189,"parent":0,"menu_order":6,"comment_status":"closed","ping_status":"closed","template":"","meta":{"footnotes":""},"jetpack_sharing_enabled":true,"_links":{"self":[{"href":"https:\/\/web-weide.de\/index.php?rest_route=\/wp\/v2\/pages\/56"}],"collection":[{"href":"https:\/\/web-weide.de\/index.php?rest_route=\/wp\/v2\/pages"}],"about":[{"href":"https:\/\/web-weide.de\/index.php?rest_route=\/wp\/v2\/types\/page"}],"author":[{"embeddable":true,"href":"https:\/\/web-weide.de\/index.php?rest_route=\/wp\/v2\/users\/1"}],"replies":[{"embeddable":true,"href":"https:\/\/web-weide.de\/index.php?rest_route=%2Fwp%2Fv2%2Fcomments&post=56"}],"version-history":[{"count":1,"href":"https:\/\/web-weide.de\/index.php?rest_route=\/wp\/v2\/pages\/56\/revisions"}],"predecessor-version":[{"id":57,"href":"https:\/\/web-weide.de\/index.php?rest_route=\/wp\/v2\/pages\/56\/revisions\/57"}],"wp:featuredmedia":[{"embeddable":true,"href":"https:\/\/web-weide.de\/index.php?rest_route=\/wp\/v2\/media\/189"}],"wp:attachment":[{"href":"https:\/\/web-weide.de\/index.php?rest_route=%2Fwp%2Fv2%2Fmedia&parent=56"}],"curies":[{"name":"wp","href":"https:\/\/api.w.org\/{rel}","templated":true}]}}