{"id":58,"date":"2020-01-05T15:56:37","date_gmt":"2020-01-05T15:56:37","guid":{"rendered":"http:\/\/web-weide.de\/?page_id=58"},"modified":"2020-01-05T23:15:19","modified_gmt":"2020-01-05T23:15:19","slug":"wie-bibel-lesen-fruchtbar-wird","status":"publish","type":"page","link":"https:\/\/web-weide.de\/?page_id=58","title":{"rendered":"Wie Bibel lesen fruchtbar wird"},"content":{"rendered":"\n<p><strong>Ein Bibelleser braucht:<\/strong><\/p>\n\n\n\n<ol><li>eine eigene <strong>Bibel: <\/strong>Die Bibel ist dein \nArbeitsmittel. Jeder sollte seine eigene Bibel haben und damit arbeiten,\n so dass er sich nach und nach gut darin zurechtfindet.<\/li><li>eine feste <strong>Zeit: <\/strong>Wer die Bibel nicht regelm\u00e4\u00dfig \nliest, liest sie meistens auch nicht unregelm\u00e4\u00dfig. Nur wenn ich Gott \neine feste Zeit in meinem Alltag einr\u00e4ume, komme ich auch wirklich dazu,\n auf ihn zu h\u00f6ren.<\/li><li>einen ruhigen <strong>Ort: <\/strong>Wenn mir st\u00e4ndig jemand durchs \nZimmer rennt oder laute Musik l\u00e4uft, wird es mir kaum gelingen, mich auf\n Gott und sein Wort zu konzentrieren.<\/li><li>einen Schreibstift und ein <strong>Notizbuch: <\/strong>Wenn man eine\n Zeit und einen ruhigen Ort gefunden hast, bedeutet das noch nicht, dass\n jetzt Ruhe ist. Jetzt beginnt mein Kopf zu arbeiten und mir fallen \ntausend Dinge ein, die noch erledigt werden m\u00fcssen und woran ich noch \ndenken muss. Ich schreibe alles, was mir in den Kopf kommt in das \nNotizbuch, dann belastet mich das nicht weiter beim Bibellesen und ich \nkann mich auf die Bibel statt auf die anderen Sachen konzentrieren. \nAnschlie\u00dfend kann man ja alles abarbeiten. Au\u00dferdem kann ich in dem \nNotizbuch auch Wichtiges aus der Bibellese festhalten.<\/li><li>eine <strong>Bibellese-Hilfe<\/strong>: Es ist nun einmal so, dass \ndie Bibel zu einer anderen Zeit an einem anderen Ort geschrieben wurde. \nDas setzt voraus, dass man sich ein wenig in diese andere Zeit, den Ort \nund die Personen der Bibel hinein versetzen muss. Auslegungen und \nBibellesehilfen fassen die wichtigsten Hintergr\u00fcnde zusammen.<\/li><\/ol>\n\n\n\n<p><strong>Tipps zum Bibellesen:<\/strong><\/p>\n\n\n\n<ol><li>Ich bitte Gott: \u201eGott, hilf mir, dass ich verstehe, was du mir heute in der Bibel zu sagen hast. Amen.\u201c<\/li><li>Ich lese den Text: Dein Bibelleseplan (z.B. Losungen oder \nKalenderbl\u00e4ttchen) schl\u00e4gt dir f\u00fcr jeden Tag eine Bibelstelle vor. In \nvier Jahren kommst du damit so ziemlich einmal durch die ganze Bibel. <em>Hilfe zum Aufschlagen: Inhaltsverzeichnis vorn oder nach Buch, Kapitel und Vers suchen.<\/em><\/li><li>Ich denke nach: Was erfahre ich \u00fcber Gott (\u00fcber Jesus oder den \nheiligen Geist)? Was erfahre ich \u00fcber Menschen ? Sagt das etwas auch \n\u00fcber mich aus ? Wo bin ich selbst gefragt und angesprochen ? Ich lese \ndie Erkl\u00e4rungen der Bibellesehilfe, um Verst\u00e4ndnisprobleme auszur\u00e4umen, \ngeschichtliche Hintergr\u00fcnde besser zu verstehen oder noch zus\u00e4tzliche \nAnregungen zu bekommen.<\/li><li>Ich halte fest: Was will ich mir merken, was ist f\u00fcr mich besonders \nwichtig geworden ? Diesen Gedanken will ich mit in den Tag nehmen und \nversuchen umzusetzen. Vielleicht f\u00fchre ich auch Tagebuch dar\u00fcber.<\/li><li>Ich antworte Gott: Auf das, was Gott mir in der Bibel gesagt hat, \nantworte ich ihm noch einmal im Gebet. Manchmal danke ich f\u00fcr etwas. \nOder ich bitte ihn, mir zu helfen bei dem, was ich mir vorgenommen habe.<\/li><\/ol>\n\n\n\n<blockquote class=\"wp-block-quote is-layout-flow wp-block-quote-is-layout-flow\"><p>Wende dich ganz der Heiligen Schrift zu und wende sie ganz auf dich an. <em>Albrecht Bengel<\/em><\/p><\/blockquote>\n","protected":false},"excerpt":{"rendered":"<p>Ein Bibelleser braucht: eine eigene Bibel: Die Bibel ist dein Arbeitsmittel. Jeder sollte seine eigene Bibel haben und damit arbeiten, so dass er sich nach und nach gut darin zurechtfindet. eine feste Zeit: Wer die Bibel nicht regelm\u00e4\u00dfig liest, liest sie meistens auch nicht unregelm\u00e4\u00dfig. Nur wenn ich Gott eine feste Zeit in meinem Alltag &#8230; <span class=\"more\"><a class=\"more-link\" href=\"https:\/\/web-weide.de\/?page_id=58\">[Read more&#8230;]<\/a><\/span><\/p>\n","protected":false},"author":1,"featured_media":124,"parent":0,"menu_order":9,"comment_status":"closed","ping_status":"closed","template":"","meta":{"footnotes":""},"jetpack_sharing_enabled":true,"_links":{"self":[{"href":"https:\/\/web-weide.de\/index.php?rest_route=\/wp\/v2\/pages\/58"}],"collection":[{"href":"https:\/\/web-weide.de\/index.php?rest_route=\/wp\/v2\/pages"}],"about":[{"href":"https:\/\/web-weide.de\/index.php?rest_route=\/wp\/v2\/types\/page"}],"author":[{"embeddable":true,"href":"https:\/\/web-weide.de\/index.php?rest_route=\/wp\/v2\/users\/1"}],"replies":[{"embeddable":true,"href":"https:\/\/web-weide.de\/index.php?rest_route=%2Fwp%2Fv2%2Fcomments&post=58"}],"version-history":[{"count":1,"href":"https:\/\/web-weide.de\/index.php?rest_route=\/wp\/v2\/pages\/58\/revisions"}],"predecessor-version":[{"id":59,"href":"https:\/\/web-weide.de\/index.php?rest_route=\/wp\/v2\/pages\/58\/revisions\/59"}],"wp:featuredmedia":[{"embeddable":true,"href":"https:\/\/web-weide.de\/index.php?rest_route=\/wp\/v2\/media\/124"}],"wp:attachment":[{"href":"https:\/\/web-weide.de\/index.php?rest_route=%2Fwp%2Fv2%2Fmedia&parent=58"}],"curies":[{"name":"wp","href":"https:\/\/api.w.org\/{rel}","templated":true}]}}